{"id":1459,"date":"2025-02-13T01:32:35","date_gmt":"2025-02-13T06:32:35","guid":{"rendered":"https:\/\/golondrinas.kimirina.org\/qui-sommes-nous\/"},"modified":"2025-05-30T11:33:08","modified_gmt":"2025-05-30T16:33:08","slug":"qui-sommes-nous","status":"publish","type":"page","link":"https:\/\/redgolondrinas.org\/fr\/qui-sommes-nous\/","title":{"rendered":"Qui sommes-nous ?"},"content":{"rendered":"\t\t<div data-elementor-type=\"wp-page\" data-elementor-id=\"1459\" class=\"elementor elementor-1459 elementor-233\" data-elementor-post-type=\"page\">\n\t\t\t\t<div class=\"elementor-element elementor-element-c52a32b e-grid e-con-boxed e-con e-parent\" data-id=\"c52a32b\" data-element_type=\"container\" data-e-type=\"container\">\n\t\t\t\t\t<div class=\"e-con-inner\">\n\t\t<div class=\"elementor-element elementor-element-27cebc5 e-con-full e-flex e-con e-child\" data-id=\"27cebc5\" data-element_type=\"container\" data-e-type=\"container\" data-settings=\"{&quot;background_background&quot;:&quot;classic&quot;}\">\n\t\t\t\t<div class=\"elementor-element elementor-element-6e32831 elementor-widget elementor-widget-heading\" data-id=\"6e32831\" data-element_type=\"widget\" data-e-type=\"widget\" data-widget_type=\"heading.default\">\n\t\t\t\t\t<h3 class=\"elementor-heading-title elementor-size-default\"><a href=\"#elementor-action%3Aaction%3Dpopup%3Aopen%26settings%3DeyJpZCI6MTU0MywidG9nZ2xlIjpmYWxzZX0%3D\">Origine du projet Golondrinas<\/a><\/h3>\t\t\t\t<\/div>\n\t\t\t\t<div class=\"elementor-element elementor-element-4a29a4f elementor-widget elementor-widget-button\" data-id=\"4a29a4f\" data-element_type=\"widget\" data-e-type=\"widget\" data-widget_type=\"button.default\">\n\t\t\t\t\t\t\t\t\t\t<a class=\"elementor-button elementor-button-link elementor-size-sm elementor-animation-grow\" href=\"#elementor-action%3Aaction%3Dpopup%3Aopen%26settings%3DeyJpZCI6MTU0MywidG9nZ2xlIjpmYWxzZX0%3D\">\n\t\t\t\t\t\t<span class=\"elementor-button-content-wrapper\">\n\t\t\t\t\t\t\t\t\t<span class=\"elementor-button-text\">En savoir plus<\/span>\n\t\t\t\t\t<\/span>\n\t\t\t\t\t<\/a>\n\t\t\t\t\t\t\t\t<\/div>\n\t\t\t\t<\/div>\n\t\t<div class=\"elementor-element elementor-element-b2d95df e-con-full e-flex e-con e-child\" data-id=\"b2d95df\" data-element_type=\"container\" data-e-type=\"container\" data-settings=\"{&quot;background_background&quot;:&quot;classic&quot;}\">\n\t\t\t\t<div class=\"elementor-element elementor-element-e1890c7 elementor-widget elementor-widget-heading\" data-id=\"e1890c7\" data-element_type=\"widget\" data-e-type=\"widget\" data-widget_type=\"heading.default\">\n\t\t\t\t\t<h3 class=\"elementor-heading-title elementor-size-default\"><a href=\"#elementor-action%3Aaction%3Dpopup%3Aopen%26settings%3DeyJpZCI6MTU0NSwidG9nZ2xlIjpmYWxzZX0%3D\">Public cible<\/a><\/h3>\t\t\t\t<\/div>\n\t\t\t\t<div class=\"elementor-element elementor-element-04da0f3 elementor-widget elementor-widget-button\" data-id=\"04da0f3\" data-element_type=\"widget\" data-e-type=\"widget\" data-widget_type=\"button.default\">\n\t\t\t\t\t\t\t\t\t\t<a class=\"elementor-button elementor-button-link elementor-size-sm elementor-animation-grow\" href=\"#elementor-action%3Aaction%3Dpopup%3Aopen%26settings%3DeyJpZCI6MTU0NSwidG9nZ2xlIjpmYWxzZX0%3D\">\n\t\t\t\t\t\t<span class=\"elementor-button-content-wrapper\">\n\t\t\t\t\t\t\t\t\t<span class=\"elementor-button-text\">En savoir plus<\/span>\n\t\t\t\t\t<\/span>\n\t\t\t\t\t<\/a>\n\t\t\t\t\t\t\t\t<\/div>\n\t\t\t\t<\/div>\n\t\t<div class=\"elementor-element elementor-element-6eabb0f e-con-full e-flex e-con e-child\" data-id=\"6eabb0f\" data-element_type=\"container\" data-e-type=\"container\" data-settings=\"{&quot;background_background&quot;:&quot;classic&quot;}\">\n\t\t\t\t<div class=\"elementor-element elementor-element-1ec5b5c elementor-widget elementor-widget-heading\" data-id=\"1ec5b5c\" data-element_type=\"widget\" data-e-type=\"widget\" data-widget_type=\"heading.default\">\n\t\t\t\t\t<h3 class=\"elementor-heading-title elementor-size-default\"><a href=\"#elementor-action%3Aaction%3Dpopup%3Aopen%26settings%3DeyJpZCI6MTU0NywidG9nZ2xlIjpmYWxzZX0%3D\">Objectif du r\u00e9seau Golondrinas<\/a><\/h3>\t\t\t\t<\/div>\n\t\t\t\t<div class=\"elementor-element elementor-element-5756544 elementor-widget elementor-widget-button\" data-id=\"5756544\" data-element_type=\"widget\" data-e-type=\"widget\" data-widget_type=\"button.default\">\n\t\t\t\t\t\t\t\t\t\t<a class=\"elementor-button elementor-button-link elementor-size-sm elementor-animation-grow\" href=\"#elementor-action%3Aaction%3Dpopup%3Aopen%26settings%3DeyJpZCI6MTU0NywidG9nZ2xlIjpmYWxzZX0%3D\">\n\t\t\t\t\t\t<span class=\"elementor-button-content-wrapper\">\n\t\t\t\t\t\t\t\t\t<span class=\"elementor-button-text\">En savoir plus<\/span>\n\t\t\t\t\t<\/span>\n\t\t\t\t\t<\/a>\n\t\t\t\t\t\t\t\t<\/div>\n\t\t\t\t<\/div>\n\t\t<div class=\"elementor-element elementor-element-11ac6cc e-con-full e-flex e-con e-child\" data-id=\"11ac6cc\" data-element_type=\"container\" data-e-type=\"container\" data-settings=\"{&quot;background_background&quot;:&quot;classic&quot;}\">\n\t\t\t\t<div class=\"elementor-element elementor-element-8535446 elementor-widget elementor-widget-heading\" data-id=\"8535446\" data-element_type=\"widget\" data-e-type=\"widget\" data-widget_type=\"heading.default\">\n\t\t\t\t\t<h3 class=\"elementor-heading-title elementor-size-default\"><a href=\"#elementor-action%3Aaction%3Dpopup%3Aopen%26settings%3DeyJpZCI6MTU0OSwidG9nZ2xlIjpmYWxzZX0%3D\">Services disponibles<\/a><\/h3>\t\t\t\t<\/div>\n\t\t\t\t<div class=\"elementor-element elementor-element-456da0d elementor-widget elementor-widget-button\" data-id=\"456da0d\" data-element_type=\"widget\" data-e-type=\"widget\" data-widget_type=\"button.default\">\n\t\t\t\t\t\t\t\t\t\t<a class=\"elementor-button elementor-button-link elementor-size-sm elementor-animation-grow\" href=\"#elementor-action%3Aaction%3Dpopup%3Aopen%26settings%3DeyJpZCI6MTU0OSwidG9nZ2xlIjpmYWxzZX0%3D\">\n\t\t\t\t\t\t<span class=\"elementor-button-content-wrapper\">\n\t\t\t\t\t\t\t\t\t<span class=\"elementor-button-text\">En savoir plus<\/span>\n\t\t\t\t\t<\/span>\n\t\t\t\t\t<\/a>\n\t\t\t\t\t\t\t\t<\/div>\n\t\t\t\t<\/div>\n\t\t\t\t\t<\/div>\n\t\t\t\t<\/div>\n\t\t<div class=\"elementor-element elementor-element-bef3cc9 e-flex e-con-boxed e-con e-parent\" data-id=\"bef3cc9\" data-element_type=\"container\" data-e-type=\"container\">\n\t\t\t\t\t<div class=\"e-con-inner\">\n\t\t<div class=\"elementor-element elementor-element-e85e2ff e-con-full e-flex e-con e-child\" data-id=\"e85e2ff\" data-element_type=\"container\" data-e-type=\"container\">\n\t\t\t\t<div class=\"elementor-element elementor-element-e900217 elementor-widget elementor-widget-heading\" data-id=\"e900217\" data-element_type=\"widget\" data-e-type=\"widget\" data-widget_type=\"heading.default\">\n\t\t\t\t\t<h2 class=\"elementor-heading-title elementor-size-default\">Nos membres<\/h2>\t\t\t\t<\/div>\n\t\t<div class=\"elementor-element elementor-element-2788e43 e-grid e-con-full e-con e-child\" data-id=\"2788e43\" data-element_type=\"container\" data-e-type=\"container\">\n\t\t\t\t<div class=\"elementor-element elementor-element-9314a6c elementor-widget elementor-widget-image\" data-id=\"9314a6c\" data-element_type=\"widget\" data-e-type=\"widget\" data-widget_type=\"image.default\">\n\t\t\t\t\t\t\t\t\t\t\t\t\t\t\t\t<a href=\"#elementor-action%3Aaction%3Dpopup%3Aopen%26settings%3DeyJpZCI6MTU1MSwidG9nZ2xlIjpmYWxzZX0%3D\">\n\t\t\t\t\t\t\t<img decoding=\"async\" width=\"195\" height=\"98\" src=\"https:\/\/redgolondrinas.org\/wp-content\/uploads\/2025\/02\/huesped_color.webp\" class=\"elementor-animation-grow attachment-medium size-medium wp-image-1339\" alt=\"\" \/>\t\t\t\t\t\t\t\t<\/a>\n\t\t\t\t\t\t\t\t\t\t\t\t\t\t\t<\/div>\n\t\t\t\t<div class=\"elementor-element elementor-element-2e588b3 elementor-widget elementor-widget-image\" data-id=\"2e588b3\" data-element_type=\"widget\" data-e-type=\"widget\" data-widget_type=\"image.default\">\n\t\t\t\t\t\t\t\t\t\t\t\t\t\t\t\t<a href=\"#elementor-action%3Aaction%3Dpopup%3Aopen%26settings%3DeyJpZCI6MTU1NSwidG9nZ2xlIjpmYWxzZX0%3D\">\n\t\t\t\t\t\t\t<img decoding=\"async\" width=\"242\" height=\"108\" src=\"https:\/\/redgolondrinas.org\/wp-content\/uploads\/2025\/02\/ipdh_color.webp\" class=\"elementor-animation-grow attachment-medium size-medium wp-image-1338\" alt=\"\" \/>\t\t\t\t\t\t\t\t<\/a>\n\t\t\t\t\t\t\t\t\t\t\t\t\t\t\t<\/div>\n\t\t\t\t<div class=\"elementor-element elementor-element-c1e9d50 elementor-widget elementor-widget-image\" data-id=\"c1e9d50\" data-element_type=\"widget\" data-e-type=\"widget\" data-widget_type=\"image.default\">\n\t\t\t\t\t\t\t\t\t\t\t\t\t\t\t\t<a href=\"#elementor-action%3Aaction%3Dpopup%3Aopen%26settings%3DeyJpZCI6MTU1MywidG9nZ2xlIjpmYWxzZX0%3D\">\n\t\t\t\t\t\t\t<img decoding=\"async\" width=\"224\" height=\"96\" src=\"https:\/\/redgolondrinas.org\/wp-content\/uploads\/2025\/02\/red_somos_color.webp\" class=\"elementor-animation-grow attachment-medium size-medium wp-image-1337\" alt=\"\" \/>\t\t\t\t\t\t\t\t<\/a>\n\t\t\t\t\t\t\t\t\t\t\t\t\t\t\t<\/div>\n\t\t\t\t<div class=\"elementor-element elementor-element-bcefae2 elementor-widget elementor-widget-image\" data-id=\"bcefae2\" data-element_type=\"widget\" data-e-type=\"widget\" data-widget_type=\"image.default\">\n\t\t\t\t\t\t\t\t\t\t\t\t\t\t\t\t<a href=\"#elementor-action%3Aaction%3Dpopup%3Aopen%26settings%3DeyJpZCI6MTU1NywidG9nZ2xlIjpmYWxzZX0%3D\">\n\t\t\t\t\t\t\t<img loading=\"lazy\" decoding=\"async\" width=\"232\" height=\"88\" src=\"https:\/\/redgolondrinas.org\/wp-content\/uploads\/2025\/02\/kimirina_color.webp\" class=\"elementor-animation-grow attachment-medium size-medium wp-image-1336\" alt=\"\" \/>\t\t\t\t\t\t\t\t<\/a>\n\t\t\t\t\t\t\t\t\t\t\t\t\t\t\t<\/div>\n\t\t\t\t<\/div>\n\t\t<div class=\"elementor-element elementor-element-4564644 e-grid e-con-full e-con e-child\" data-id=\"4564644\" data-element_type=\"container\" data-e-type=\"container\">\n\t\t\t\t<div class=\"elementor-element elementor-element-58246ed elementor-widget elementor-widget-image\" data-id=\"58246ed\" data-element_type=\"widget\" data-e-type=\"widget\" data-widget_type=\"image.default\">\n\t\t\t\t\t\t\t\t\t\t\t\t\t\t\t\t<a href=\"#elementor-action%3Aaction%3Dpopup%3Aopen%26settings%3DeyJpZCI6MjA2MywidG9nZ2xlIjpmYWxzZX0%3D\">\n\t\t\t\t\t\t\t<img loading=\"lazy\" decoding=\"async\" width=\"300\" height=\"114\" src=\"https:\/\/redgolondrinas.org\/wp-content\/uploads\/2025\/03\/aides_logo_signature_rouge_et_noir_2024-300x114.webp\" class=\"elementor-animation-grow attachment-medium size-medium wp-image-1381\" alt=\"\" srcset=\"https:\/\/redgolondrinas.org\/wp-content\/uploads\/2025\/03\/aides_logo_signature_rouge_et_noir_2024-300x114.webp 300w, https:\/\/redgolondrinas.org\/wp-content\/uploads\/2025\/03\/aides_logo_signature_rouge_et_noir_2024.webp 600w\" sizes=\"(max-width: 300px) 100vw, 300px\" \/>\t\t\t\t\t\t\t\t<\/a>\n\t\t\t\t\t\t\t\t\t\t\t\t\t\t\t<\/div>\n\t\t\t\t<div class=\"elementor-element elementor-element-d8b9a38 elementor-widget elementor-widget-image\" data-id=\"d8b9a38\" data-element_type=\"widget\" data-e-type=\"widget\" data-widget_type=\"image.default\">\n\t\t\t\t\t\t\t\t\t\t\t\t\t\t\t\t<a href=\"#elementor-action%3Aaction%3Dpopup%3Aopen%26settings%3DeyJpZCI6MjA2MSwidG9nZ2xlIjpmYWxzZX0%3D\">\n\t\t\t\t\t\t\t<img loading=\"lazy\" decoding=\"async\" width=\"79\" height=\"81\" src=\"https:\/\/redgolondrinas.org\/wp-content\/uploads\/2025\/05\/CAS-ISOLOGO-1-79x81-1.png\" class=\"elementor-animation-grow attachment-medium_large size-medium_large wp-image-1811\" alt=\"\" \/>\t\t\t\t\t\t\t\t<\/a>\n\t\t\t\t\t\t\t\t\t\t\t\t\t\t\t<\/div>\n\t\t\t\t<div class=\"elementor-element elementor-element-bf65e47 elementor-widget elementor-widget-image\" data-id=\"bf65e47\" data-element_type=\"widget\" data-e-type=\"widget\" data-widget_type=\"image.default\">\n\t\t\t\t\t\t\t\t\t\t\t\t\t\t\t\t<a href=\"#elementor-action%3Aaction%3Dpopup%3Aopen%26settings%3DeyJpZCI6MjA1OSwidG9nZ2xlIjpmYWxzZX0%3D\">\n\t\t\t\t\t\t\t<img loading=\"lazy\" decoding=\"async\" width=\"300\" height=\"108\" src=\"https:\/\/redgolondrinas.org\/wp-content\/uploads\/2025\/05\/Coin-horizontal-lema-nuevo-con-fondo-blanco-1-300x108.png\" class=\"elementor-animation-grow attachment-medium size-medium wp-image-1821\" alt=\"\" srcset=\"https:\/\/redgolondrinas.org\/wp-content\/uploads\/2025\/05\/Coin-horizontal-lema-nuevo-con-fondo-blanco-1-300x108.png 300w, https:\/\/redgolondrinas.org\/wp-content\/uploads\/2025\/05\/Coin-horizontal-lema-nuevo-con-fondo-blanco-1.png 668w\" sizes=\"(max-width: 300px) 100vw, 300px\" \/>\t\t\t\t\t\t\t\t<\/a>\n\t\t\t\t\t\t\t\t\t\t\t\t\t\t\t<\/div>\n\t\t\t\t<\/div>\n\t\t\t\t<\/div>\n\t\t\t\t\t<\/div>\n\t\t\t\t<\/div>\n\t\t<div class=\"elementor-element elementor-element-3fb12fe e-flex e-con-boxed e-con e-parent\" data-id=\"3fb12fe\" data-element_type=\"container\" data-e-type=\"container\">\n\t\t\t\t\t<div class=\"e-con-inner\">\n\t\t<div class=\"elementor-element elementor-element-1c563fc e-con-full e-flex e-con e-child\" data-id=\"1c563fc\" data-element_type=\"container\" data-e-type=\"container\">\n\t\t\t\t<div class=\"elementor-element elementor-element-77c5434 elementor-widget elementor-widget-heading\" data-id=\"77c5434\" data-element_type=\"widget\" data-e-type=\"widget\" data-widget_type=\"heading.default\">\n\t\t\t\t\t<h2 class=\"elementor-heading-title elementor-size-default\">  Vous \u00eates une organisation qui souhaite collaborer avec le r\u00e9seau Golondrinas ?<\/h2>\t\t\t\t<\/div>\n\t\t\t\t<div class=\"elementor-element elementor-element-45c6c35 elementor-widget elementor-widget-text-editor\" data-id=\"45c6c35\" data-element_type=\"widget\" data-e-type=\"widget\" data-widget_type=\"text-editor.default\">\n\t\t\t\t\t\t\t\t\t<p>Faites partie du r\u00e9seau Golondrinas, un effort collectif visant \u00e0 garantir l&rsquo;acc\u00e8s aux services essentiels de sant\u00e9 sexuelle et g\u00e9n\u00e9sique. Fournir un soutien complet et avoir un impact positif sur la vie des personnes en d\u00e9placement en Am\u00e9rique latine et dans les Cara\u00efbes. <\/p><p><strong>Saisissez vos coordonn\u00e9es pour collaborer avec le r\u00e9seau Golondrinas &#8211; nous vous contacterons bient\u00f4t ! <\/strong><\/p>\t\t\t\t\t\t\t\t<\/div>\n\t\t\t\t<div class=\"elementor-element elementor-element-9ce27f3 elementor-button-align-center elementor-mobile-button-align-stretch elementor-widget elementor-widget-form\" data-id=\"9ce27f3\" data-element_type=\"widget\" data-e-type=\"widget\" data-settings=\"{&quot;step_next_label&quot;:&quot;Next&quot;,&quot;step_previous_label&quot;:&quot;Previous&quot;,&quot;button_width&quot;:&quot;100&quot;,&quot;step_type&quot;:&quot;number_text&quot;,&quot;step_icon_shape&quot;:&quot;circle&quot;}\" data-widget_type=\"form.default\">\n\t\t\t\t\t\t\t<form class=\"elementor-form\" method=\"post\" name=\"Contact\" aria-label=\"Contact\">\r\n\t\t\t<input type=\"hidden\" name=\"post_id\" value=\"1459\"\/>\r\n\t\t\t<input type=\"hidden\" name=\"form_id\" value=\"9ce27f3\"\/>\r\n\t\t\t<input type=\"hidden\" name=\"referer_title\" value=\"Qui sommes-nous ?\" \/>\r\n\r\n\t\t\t\t\t\t\t<input type=\"hidden\" name=\"queried_id\" value=\"1459\"\/>\r\n\t\t\t\r\n\t\t\t<div class=\"elementor-form-fields-wrapper elementor-labels-above\">\r\n\t\t\t\t\t\t\t\t<div class=\"elementor-field-type-text elementor-field-group elementor-column elementor-field-group-name elementor-col-100 elementor-field-required\">\r\n\t\t\t\t\t\t\t\t\t\t\t\t<label for=\"form-field-name\" class=\"elementor-field-label\">\r\n\t\t\t\t\t\t\t\tNom de l\u2019Organisation\t\t\t\t\t\t\t<\/label>\r\n\t\t\t\t\t\t\t\t\t\t\t\t\t\t<input size=\"1\" type=\"text\" name=\"form_fields[name]\" id=\"form-field-name\" class=\"elementor-field elementor-size-sm  elementor-field-textual\" placeholder=\"Nom de l\u2019Organisation\" required=\"required\">\r\n\t\t\t\t\t\t\t\t\t\t\t<\/div>\r\n\t\t\t\t\t\t\t\t<div class=\"elementor-field-type-email elementor-field-group elementor-column elementor-field-group-email elementor-col-100 elementor-field-required\">\r\n\t\t\t\t\t\t\t\t\t\t\t\t<label for=\"form-field-email\" class=\"elementor-field-label\">\r\n\t\t\t\t\t\t\t\tAdresse e-mail\t\t\t\t\t\t\t<\/label>\r\n\t\t\t\t\t\t\t\t\t\t\t\t\t\t<input size=\"1\" type=\"email\" name=\"form_fields[email]\" id=\"form-field-email\" class=\"elementor-field elementor-size-sm  elementor-field-textual\" placeholder=\"Adresse e-mail\" required=\"required\">\r\n\t\t\t\t\t\t\t\t\t\t\t<\/div>\r\n\t\t\t\t\t\t\t\t<div class=\"elementor-field-type-tel elementor-field-group elementor-column elementor-field-group-tel elementor-col-100 elementor-field-required\">\r\n\t\t\t\t\t\t\t\t\t\t\t\t<label for=\"form-field-tel\" class=\"elementor-field-label\">\r\n\t\t\t\t\t\t\t\tNum\u00e9ro de contact\t\t\t\t\t\t\t<\/label>\r\n\t\t\t\t\t\t\t\t<input size=\"1\" type=\"tel\" name=\"form_fields[tel]\" id=\"form-field-tel\" class=\"elementor-field elementor-size-sm  elementor-field-textual\" placeholder=\"Num\u00e9ro de contact\" required=\"required\" pattern=\"[0-9()#&amp;+*-=.]+\" title=\"Only numbers and phone characters (#, -, *, etc) are accepted.\">\r\n\r\n\t\t\t\t\t\t<\/div>\r\n\t\t\t\t\t\t\t\t<div class=\"elementor-field-type-select elementor-field-group elementor-column elementor-field-group-country elementor-col-100 elementor-field-required\">\r\n\t\t\t\t\t\t\t\t\t\t\t\t<label for=\"form-field-country\" class=\"elementor-field-label\">\r\n\t\t\t\t\t\t\t\tPays\t\t\t\t\t\t\t<\/label>\r\n\t\t\t\t\t\t\t\t<div class=\"elementor-field elementor-select-wrapper remove-before \">\r\n\t\t\t<div class=\"select-caret-down-wrapper\">\r\n\t\t\t\t<svg aria-hidden=\"true\" class=\"e-font-icon-svg e-eicon-caret-down\" viewBox=\"0 0 571.4 571.4\" xmlns=\"http:\/\/www.w3.org\/2000\/svg\"><path d=\"M571 393Q571 407 561 418L311 668Q300 679 286 679T261 668L11 418Q0 407 0 393T11 368 36 357H536Q550 357 561 368T571 393Z\"><\/path><\/svg>\t\t\t<\/div>\r\n\t\t\t<select name=\"form_fields[country]\" id=\"form-field-country\" class=\"elementor-field-textual elementor-size-sm\" required=\"required\">\r\n\t\t\t\t\t\t\t\t\t<option value=\"\">Pays<\/option>\r\n\t\t\t\t\t\t\t\t\t<option value=\"argentina \">Argentina<\/option>\r\n\t\t\t\t\t\t\t\t\t<option value=\"bolivia \">Bolivia<\/option>\r\n\t\t\t\t\t\t\t\t\t<option value=\"brasil \">Brasil<\/option>\r\n\t\t\t\t\t\t\t\t\t<option value=\"chile \">Chile<\/option>\r\n\t\t\t\t\t\t\t\t\t<option value=\"colombia \">Colombia<\/option>\r\n\t\t\t\t\t\t\t\t\t<option value=\"costarica \">Costa Rica<\/option>\r\n\t\t\t\t\t\t\t\t\t<option value=\"cuba \">Cuba<\/option>\r\n\t\t\t\t\t\t\t\t\t<option value=\"ecuador \">Ecuador<\/option>\r\n\t\t\t\t\t\t\t\t\t<option value=\"elsalvador \">El Salvador<\/option>\r\n\t\t\t\t\t\t\t\t\t<option value=\"guatemala \">Guatemala<\/option>\r\n\t\t\t\t\t\t\t\t\t<option value=\"honduras \">Honduras<\/option>\r\n\t\t\t\t\t\t\t\t\t<option value=\"mexico \">M\u00e9xico<\/option>\r\n\t\t\t\t\t\t\t\t\t<option value=\"nicaragua \">Nicaragua<\/option>\r\n\t\t\t\t\t\t\t\t\t<option value=\"panama \">Panam\u00e1<\/option>\r\n\t\t\t\t\t\t\t\t\t<option value=\"paraguay \">Paraguay<\/option>\r\n\t\t\t\t\t\t\t\t\t<option value=\"peru \">Per\u00fa<\/option>\r\n\t\t\t\t\t\t\t\t\t<option value=\"republicadominicana \">Rep\u00fablica Dominicana<\/option>\r\n\t\t\t\t\t\t\t\t\t<option value=\"uruguay \">Uruguay<\/option>\r\n\t\t\t\t\t\t\t\t\t<option value=\"venezuela\">Venezuela<\/option>\r\n\t\t\t\t\t\t\t<\/select>\r\n\t\t<\/div>\r\n\t\t\t\t\t\t<\/div>\r\n\t\t\t\t\t\t\t\t<div class=\"elementor-field-type-acceptance elementor-field-group elementor-column elementor-field-group-terminos elementor-col-100 elementor-field-required\">\r\n\t\t\t\t\t\t\t<div class=\"elementor-field-subgroup\">\r\n\t\t\t<span class=\"elementor-field-option\">\r\n\t\t\t\t<input type=\"checkbox\" name=\"form_fields[terminos]\" id=\"form-field-terminos\" class=\"elementor-field elementor-size-sm  elementor-acceptance-field\" required=\"required\" checked=\"checked\">\r\n\t\t\t\t<label for=\"form-field-terminos\"><span>J\u2019accepte les<a href=\"https:\/\/redgolondrinas.org\/fr\/conditions-generales-dutilisation\/\" target=\"_blank\"> termes et conditions<\/a> ainsi que les <a href=\"https:\/\/redgolondrinas.org\/fr\/politique-de-confidentialite\/\" target=\"_blank\">politiques de confidentialit\u00e9<\/a>.<\/span><\/label>\t\t\t<\/span>\r\n\t\t<\/div>\r\n\t\t\t\t\t\t<\/div>\r\n\t\t\t\t\t\t\t\t<div class=\"elementor-field-type-recaptcha_v3 elementor-field-group elementor-column elementor-field-group-captcha elementor-col-100 recaptcha_v3-bottomleft\">\r\n\t\t\t\t\t<div class=\"elementor-field\" id=\"form-field-captcha\"><div class=\"elementor-g-recaptcha\" data-sitekey=\"6LdZI_oqAAAAAAXpaISD6IrWKaWHqcLlaO_OkLIv\" data-type=\"v3\" data-action=\"Form\" data-badge=\"bottomleft\" data-size=\"invisible\"><\/div><\/div>\t\t\t\t<\/div>\r\n\t\t\t\t\t\t\t\t<div class=\"elementor-field-group elementor-column elementor-field-type-submit elementor-col-100 e-form__buttons\">\r\n\t\t\t\t\t<button class=\"elementor-button elementor-size-sm\" type=\"submit\">\r\n\t\t\t\t\t\t<span class=\"elementor-button-content-wrapper\">\r\n\t\t\t\t\t\t\t\t\t\t\t\t\t\t\t\t\t\t\t\t\t\t<span class=\"elementor-button-text\">Envoyer<\/span>\r\n\t\t\t\t\t\t\t\t\t\t\t\t\t<\/span>\r\n\t\t\t\t\t<\/button>\r\n\t\t\t\t<\/div>\r\n\t\t\t<\/div>\r\n\t\t<\/form>\r\n\t\t\t\t\t\t<\/div>\n\t\t\t\t<\/div>\n\t\t<div class=\"elementor-element elementor-element-2e090c1 e-con-full e-flex e-con e-child\" data-id=\"2e090c1\" data-element_type=\"container\" data-e-type=\"container\">\n\t\t\t\t<div class=\"elementor-element elementor-element-5a5a3cd elementor-widget elementor-widget-image\" data-id=\"5a5a3cd\" data-element_type=\"widget\" data-e-type=\"widget\" data-widget_type=\"image.default\">\n\t\t\t\t\t\t\t\t\t\t\t\t\t\t\t<img loading=\"lazy\" decoding=\"async\" width=\"767\" height=\"767\" src=\"https:\/\/redgolondrinas.org\/wp-content\/uploads\/2025\/03\/vuelaconnosotros_1-1.webp\" class=\"attachment-large size-large wp-image-1415\" alt=\"\" srcset=\"https:\/\/redgolondrinas.org\/wp-content\/uploads\/2025\/03\/vuelaconnosotros_1-1.webp 767w, https:\/\/redgolondrinas.org\/wp-content\/uploads\/2025\/03\/vuelaconnosotros_1-1-300x300.webp 300w, https:\/\/redgolondrinas.org\/wp-content\/uploads\/2025\/03\/vuelaconnosotros_1-1-150x150.webp 150w\" sizes=\"(max-width: 767px) 100vw, 767px\" \/>\t\t\t\t\t\t\t\t\t\t\t\t\t\t\t<\/div>\n\t\t\t\t<\/div>\n\t\t\t\t\t<\/div>\n\t\t\t\t<\/div>\n\t\t\t\t<\/div>\n\t\t","protected":false},"excerpt":{"rendered":"<p>Origine du projet Golondrinas En savoir plus Public cible En savoir plus Objectif du r\u00e9seau Golondrinas En savoir plus Services disponibles En savoir plus Nos membres Vous \u00eates une organisation qui souhaite collaborer avec le r\u00e9seau Golondrinas ? Faites partie du r\u00e9seau Golondrinas, un effort collectif visant \u00e0 garantir l&rsquo;acc\u00e8s aux services essentiels de sant\u00e9 [&hellip;]<\/p>\n","protected":false},"author":1,"featured_media":0,"parent":0,"menu_order":0,"comment_status":"closed","ping_status":"closed","template":"elementor_header_footer","meta":{"footnotes":""},"class_list":["post-1459","page","type-page","status-publish","hentry"],"_links":{"self":[{"href":"https:\/\/redgolondrinas.org\/fr\/wp-json\/wp\/v2\/pages\/1459","targetHints":{"allow":["GET"]}}],"collection":[{"href":"https:\/\/redgolondrinas.org\/fr\/wp-json\/wp\/v2\/pages"}],"about":[{"href":"https:\/\/redgolondrinas.org\/fr\/wp-json\/wp\/v2\/types\/page"}],"author":[{"embeddable":true,"href":"https:\/\/redgolondrinas.org\/fr\/wp-json\/wp\/v2\/users\/1"}],"replies":[{"embeddable":true,"href":"https:\/\/redgolondrinas.org\/fr\/wp-json\/wp\/v2\/comments?post=1459"}],"version-history":[{"count":0,"href":"https:\/\/redgolondrinas.org\/fr\/wp-json\/wp\/v2\/pages\/1459\/revisions"}],"wp:attachment":[{"href":"https:\/\/redgolondrinas.org\/fr\/wp-json\/wp\/v2\/media?parent=1459"}],"curies":[{"name":"wp","href":"https:\/\/api.w.org\/{rel}","templated":true}]}}