{"id":1465,"date":"2025-02-13T01:07:32","date_gmt":"2025-02-13T06:07:32","guid":{"rendered":"https:\/\/golondrinas.kimirina.org\/droits-de-lhomme\/"},"modified":"2025-07-06T15:43:58","modified_gmt":"2025-07-06T20:43:58","slug":"droits-de-lhomme","status":"publish","type":"page","link":"https:\/\/redgolondrinas.org\/fr\/droits-de-lhomme\/","title":{"rendered":"Droits de l&rsquo;homme"},"content":{"rendered":"\t\t<div data-elementor-type=\"wp-page\" data-elementor-id=\"1465\" class=\"elementor elementor-1465 elementor-192\" data-elementor-post-type=\"page\">\n\t\t\t\t<div class=\"elementor-element elementor-element-e262687 e-flex e-con-boxed e-con e-parent\" data-id=\"e262687\" data-element_type=\"container\" data-e-type=\"container\">\n\t\t\t\t\t<div class=\"e-con-inner\">\n\t\t<div class=\"elementor-element elementor-element-4f60a93 e-con-full e-flex e-con e-child\" data-id=\"4f60a93\" data-element_type=\"container\" data-e-type=\"container\">\n\t\t\t\t<div class=\"elementor-element elementor-element-978eae7 elementor-widget elementor-widget-heading\" data-id=\"978eae7\" data-element_type=\"widget\" data-e-type=\"widget\" data-widget_type=\"heading.default\">\n\t\t\t\t\t<h1 class=\"elementor-heading-title elementor-size-default\">Vos droits sont mobilis\u00e9s avec vous<\/h1>\t\t\t\t<\/div>\n\t\t\t\t<div class=\"elementor-element elementor-element-7a518d4 elementor-widget elementor-widget-text-editor\" data-id=\"7a518d4\" data-element_type=\"widget\" data-e-type=\"widget\" data-widget_type=\"text-editor.default\">\n\t\t\t\t\t\t\t\t\t<p>Restez inform\u00e9 et voyagez en toute s\u00e9r\u00e9nit\u00e9, en connaissant vos droits et obligations dans chaque pays du r\u00e9seau Golondrinas.  <\/p>\t\t\t\t\t\t\t\t<\/div>\n\t\t\t\t<div class=\"elementor-element elementor-element-427810c elementor-widget elementor-widget-button\" data-id=\"427810c\" data-element_type=\"widget\" data-e-type=\"widget\" data-widget_type=\"button.default\">\n\t\t\t\t\t\t\t\t\t\t<a class=\"elementor-button elementor-button-link elementor-size-sm elementor-animation-grow\" href=\"#discover\">\n\t\t\t\t\t\t<span class=\"elementor-button-content-wrapper\">\n\t\t\t\t\t\t\t\t\t<span class=\"elementor-button-text\">En savoir plus<\/span>\n\t\t\t\t\t<\/span>\n\t\t\t\t\t<\/a>\n\t\t\t\t\t\t\t\t<\/div>\n\t\t\t\t<div class=\"elementor-element elementor-element-08660bc elementor-hidden-desktop elementor-widget elementor-widget-image\" data-id=\"08660bc\" data-element_type=\"widget\" data-e-type=\"widget\" data-widget_type=\"image.default\">\n\t\t\t\t\t\t\t\t\t\t\t\t\t\t\t<img fetchpriority=\"high\" decoding=\"async\" width=\"705\" height=\"686\" src=\"https:\/\/www.redgolondrinas.org\/wp-content\/uploads\/2025\/03\/derechos_1-3.webp\" class=\"attachment-large size-large wp-image-1417\" alt=\"\" srcset=\"https:\/\/www.redgolondrinas.org\/wp-content\/uploads\/2025\/03\/derechos_1-3.webp 705w, https:\/\/www.redgolondrinas.org\/wp-content\/uploads\/2025\/03\/derechos_1-3-300x292.webp 300w\" sizes=\"(max-width: 705px) 100vw, 705px\" \/>\t\t\t\t\t\t\t\t\t\t\t\t\t\t\t<\/div>\n\t\t\t\t<\/div>\n\t\t<div class=\"elementor-element elementor-element-d227e34 e-con-full e-flex e-con e-child\" data-id=\"d227e34\" data-element_type=\"container\" data-e-type=\"container\">\n\t\t\t\t<div class=\"elementor-element elementor-element-ac095ce elementor-hidden-tablet elementor-hidden-mobile elementor-widget elementor-widget-image\" data-id=\"ac095ce\" data-element_type=\"widget\" data-e-type=\"widget\" data-widget_type=\"image.default\">\n\t\t\t\t\t\t\t\t\t\t\t\t\t\t\t<img fetchpriority=\"high\" decoding=\"async\" width=\"705\" height=\"686\" src=\"https:\/\/www.redgolondrinas.org\/wp-content\/uploads\/2025\/03\/derechos_1-3.webp\" class=\"attachment-large size-large wp-image-1417\" alt=\"\" srcset=\"https:\/\/www.redgolondrinas.org\/wp-content\/uploads\/2025\/03\/derechos_1-3.webp 705w, https:\/\/www.redgolondrinas.org\/wp-content\/uploads\/2025\/03\/derechos_1-3-300x292.webp 300w\" sizes=\"(max-width: 705px) 100vw, 705px\" \/>\t\t\t\t\t\t\t\t\t\t\t\t\t\t\t<\/div>\n\t\t\t\t<\/div>\n\t\t\t\t\t<\/div>\n\t\t\t\t<\/div>\n\t\t<div class=\"elementor-element elementor-element-5e0dafb e-flex e-con-boxed e-con e-parent\" data-id=\"5e0dafb\" data-element_type=\"container\" data-e-type=\"container\" id=\"discover\">\n\t\t\t\t\t<div class=\"e-con-inner\">\n\t\t<div class=\"elementor-element elementor-element-717ff83 e-con-full e-flex e-con e-child\" data-id=\"717ff83\" data-element_type=\"container\" data-e-type=\"container\" data-settings=\"{&quot;background_background&quot;:&quot;classic&quot;}\">\n\t\t\t\t<div class=\"elementor-element elementor-element-b948085 elementor-widget elementor-widget-heading\" data-id=\"b948085\" data-element_type=\"widget\" data-e-type=\"widget\" data-widget_type=\"heading.default\">\n\t\t\t\t\t<h3 class=\"elementor-heading-title elementor-size-default\"><a href=\"#elementor-action%3Aaction%3Dpopup%3Aopen%26settings%3DeyJpZCI6MTU3NSwidG9nZ2xlIjpmYWxzZX0%3D\">Droits des migrants \/ Sant\u00e9 \/ Vivre avec le VIH<\/a><\/h3>\t\t\t\t<\/div>\n\t\t\t\t<div class=\"elementor-element elementor-element-cdce770 elementor-widget elementor-widget-button\" data-id=\"cdce770\" data-element_type=\"widget\" data-e-type=\"widget\" data-widget_type=\"button.default\">\n\t\t\t\t\t\t\t\t\t\t<a class=\"elementor-button elementor-button-link elementor-size-sm elementor-animation-grow\" href=\"#elementor-action%3Aaction%3Dpopup%3Aopen%26settings%3DeyJpZCI6MTU3NSwidG9nZ2xlIjpmYWxzZX0%3D\">\n\t\t\t\t\t\t<span class=\"elementor-button-content-wrapper\">\n\t\t\t\t\t\t\t\t\t<span class=\"elementor-button-text\">En savoir plus<\/span>\n\t\t\t\t\t<\/span>\n\t\t\t\t\t<\/a>\n\t\t\t\t\t\t\t\t<\/div>\n\t\t\t\t<\/div>\n\t\t<div class=\"elementor-element elementor-element-670fd55 e-con-full e-flex e-con e-child\" data-id=\"670fd55\" data-element_type=\"container\" data-e-type=\"container\" data-settings=\"{&quot;background_background&quot;:&quot;classic&quot;}\">\n\t\t\t\t<div class=\"elementor-element elementor-element-d2bedfa elementor-widget elementor-widget-heading\" data-id=\"d2bedfa\" data-element_type=\"widget\" data-e-type=\"widget\" data-widget_type=\"heading.default\">\n\t\t\t\t\t<h3 class=\"elementor-heading-title elementor-size-default\"><a href=\"#elementor-action%3Aaction%3Dpopup%3Aopen%26settings%3DeyJpZCI6MTQ4MywidG9nZ2xlIjpmYWxzZX0%3D\">Organisation du syst\u00e8me de sant\u00e9 publique<\/a><\/h3>\t\t\t\t<\/div>\n\t\t\t\t<div class=\"elementor-element elementor-element-a6d7c11 elementor-widget elementor-widget-button\" data-id=\"a6d7c11\" data-element_type=\"widget\" data-e-type=\"widget\" data-widget_type=\"button.default\">\n\t\t\t\t\t\t\t\t\t\t<a class=\"elementor-button elementor-button-link elementor-size-sm elementor-animation-grow\" href=\"#elementor-action%3Aaction%3Dpopup%3Aopen%26settings%3DeyJpZCI6MTQ4MywidG9nZ2xlIjpmYWxzZX0%3D\">\n\t\t\t\t\t\t<span class=\"elementor-button-content-wrapper\">\n\t\t\t\t\t\t\t\t\t<span class=\"elementor-button-text\">En savoir plus<\/span>\n\t\t\t\t\t<\/span>\n\t\t\t\t\t<\/a>\n\t\t\t\t\t\t\t\t<\/div>\n\t\t\t\t<\/div>\n\t\t<div class=\"elementor-element elementor-element-78f7cdf e-con-full e-flex e-con e-child\" data-id=\"78f7cdf\" data-element_type=\"container\" data-e-type=\"container\" data-settings=\"{&quot;background_background&quot;:&quot;classic&quot;}\">\n\t\t\t\t<div class=\"elementor-element elementor-element-16a9847 elementor-widget elementor-widget-heading\" data-id=\"16a9847\" data-element_type=\"widget\" data-e-type=\"widget\" data-widget_type=\"heading.default\">\n\t\t\t\t\t<h3 class=\"elementor-heading-title elementor-size-default\"><a href=\"#elementor-action%3Aaction%3Dpopup%3Aopen%26settings%3DeyJpZCI6MTU3NywidG9nZ2xlIjpmYWxzZX0%3D\">Droits des LGBTIQ<\/a><\/h3>\t\t\t\t<\/div>\n\t\t\t\t<div class=\"elementor-element elementor-element-74b445f elementor-widget elementor-widget-button\" data-id=\"74b445f\" data-element_type=\"widget\" data-e-type=\"widget\" data-widget_type=\"button.default\">\n\t\t\t\t\t\t\t\t\t\t<a class=\"elementor-button elementor-button-link elementor-size-sm elementor-animation-grow\" href=\"#elementor-action%3Aaction%3Dpopup%3Aopen%26settings%3DeyJpZCI6MTU3NywidG9nZ2xlIjpmYWxzZX0%3D\">\n\t\t\t\t\t\t<span class=\"elementor-button-content-wrapper\">\n\t\t\t\t\t\t\t\t\t<span class=\"elementor-button-text\">En savoir plus<\/span>\n\t\t\t\t\t<\/span>\n\t\t\t\t\t<\/a>\n\t\t\t\t\t\t\t\t<\/div>\n\t\t\t\t<\/div>\n\t\t<div class=\"elementor-element elementor-element-bb81f3f e-con-full e-flex e-con e-child\" data-id=\"bb81f3f\" data-element_type=\"container\" data-e-type=\"container\" data-settings=\"{&quot;background_background&quot;:&quot;classic&quot;}\">\n\t\t\t\t<div class=\"elementor-element elementor-element-7bd90d2 elementor-widget elementor-widget-heading\" data-id=\"7bd90d2\" data-element_type=\"widget\" data-e-type=\"widget\" data-widget_type=\"heading.default\">\n\t\t\t\t\t<h3 class=\"elementor-heading-title elementor-size-default\"><a href=\"#elementor-action%3Aaction%3Dpopup%3Aopen%26settings%3DeyJpZCI6MTU3OSwidG9nZ2xlIjpmYWxzZX0%3D\">Droits des personnes en mobilit\u00e9 sur l'acc\u00e8s aux droits sociaux  <\/a><\/h3>\t\t\t\t<\/div>\n\t\t\t\t<div class=\"elementor-element elementor-element-b2f1f13 elementor-widget elementor-widget-button\" data-id=\"b2f1f13\" data-element_type=\"widget\" data-e-type=\"widget\" data-widget_type=\"button.default\">\n\t\t\t\t\t\t\t\t\t\t<a class=\"elementor-button elementor-button-link elementor-size-sm elementor-animation-grow\" href=\"#elementor-action%3Aaction%3Dpopup%3Aopen%26settings%3DeyJpZCI6MTU3OSwidG9nZ2xlIjpmYWxzZX0%3D\">\n\t\t\t\t\t\t<span class=\"elementor-button-content-wrapper\">\n\t\t\t\t\t\t\t\t\t<span class=\"elementor-button-text\">En savoir plus<\/span>\n\t\t\t\t\t<\/span>\n\t\t\t\t\t<\/a>\n\t\t\t\t\t\t\t\t<\/div>\n\t\t\t\t<\/div>\n\t\t<div class=\"elementor-element elementor-element-566f5d7 e-con-full e-flex e-con e-child\" data-id=\"566f5d7\" data-element_type=\"container\" data-e-type=\"container\" data-settings=\"{&quot;background_background&quot;:&quot;classic&quot;}\">\n\t\t\t\t<div class=\"elementor-element elementor-element-5347332 elementor-widget elementor-widget-heading\" data-id=\"5347332\" data-element_type=\"widget\" data-e-type=\"widget\" data-widget_type=\"heading.default\">\n\t\t\t\t\t<h3 class=\"elementor-heading-title elementor-size-default\"><a href=\"#elementor-action%3Aaction%3Dpopup%3Aopen%26settings%3DeyJpZCI6MTU4MSwidG9nZ2xlIjpmYWxzZX0%3D\">Proc\u00e9dure de r\u00e9gularisation.<\/a><\/h3>\t\t\t\t<\/div>\n\t\t\t\t<div class=\"elementor-element elementor-element-287d105 elementor-widget elementor-widget-button\" data-id=\"287d105\" data-element_type=\"widget\" data-e-type=\"widget\" data-widget_type=\"button.default\">\n\t\t\t\t\t\t\t\t\t\t<a class=\"elementor-button elementor-button-link elementor-size-sm elementor-animation-grow\" href=\"#elementor-action%3Aaction%3Dpopup%3Aopen%26settings%3DeyJpZCI6MTU4MSwidG9nZ2xlIjpmYWxzZX0%3D\">\n\t\t\t\t\t\t<span class=\"elementor-button-content-wrapper\">\n\t\t\t\t\t\t\t\t\t<span class=\"elementor-button-text\">En savoir plus<\/span>\n\t\t\t\t\t<\/span>\n\t\t\t\t\t<\/a>\n\t\t\t\t\t\t\t\t<\/div>\n\t\t\t\t<\/div>\n\t\t\t\t\t<\/div>\n\t\t\t\t<\/div>\n\t\t<div class=\"elementor-element elementor-element-7e9dd01 e-flex e-con-boxed e-con e-parent\" data-id=\"7e9dd01\" data-element_type=\"container\" data-e-type=\"container\" id=\"mapa\">\n\t\t\t\t\t<div class=\"e-con-inner\">\n\t\t<div class=\"elementor-element elementor-element-6212434 e-con-full e-flex e-con e-child\" data-id=\"6212434\" data-element_type=\"container\" data-e-type=\"container\">\n\t\t<div class=\"elementor-element elementor-element-420284b e-flex e-con-boxed e-con e-child\" data-id=\"420284b\" data-element_type=\"container\" data-e-type=\"container\" data-settings=\"{&quot;background_background&quot;:&quot;classic&quot;}\">\n\t\t\t\t\t<div class=\"e-con-inner\">\n\t\t\t\t<div class=\"elementor-element elementor-element-f6ee1fa elementor-view-stacked elementor-absolute elementor-shape-circle elementor-invisible elementor-widget elementor-widget-icon\" data-id=\"f6ee1fa\" data-element_type=\"widget\" data-e-type=\"widget\" data-settings=\"{&quot;_position&quot;:&quot;absolute&quot;,&quot;_animation&quot;:&quot;wobble&quot;}\" data-widget_type=\"icon.default\">\n\t\t\t\t\t\t\t<div class=\"elementor-icon-wrapper\">\n\t\t\t<div class=\"elementor-icon\">\n\t\t\t<svg xmlns=\"http:\/\/www.w3.org\/2000\/svg\" width=\"48\" height=\"48\" viewBox=\"0 0 48 48\" fill=\"none\"><g clip-path=\"url(#clip0_625_899)\"><path d=\"M40.3933 37.743C38.7459 39.3614 37.1508 41.1561 35.4437 42.6978C31.7843 46.0007 26.6321 46.1515 22.9189 42.8289L5.57894 25.4846C3.81019 23.5856 4.60082 20.3784 7.08808 19.6132C6.33351 18.7981 5.50224 18.1233 5.23017 16.9804C4.80405 15.1876 5.80446 13.2099 7.61254 12.7279C7.67351 12.6564 7.2559 12.0355 7.18772 11.8748C5.91132 8.86824 8.86797 5.91415 11.8908 7.10497L13.0532 7.81054C13.7441 5.61382 16.4425 4.68333 18.3856 5.9207C18.7691 6.16464 19.0255 6.52661 19.3906 6.78431L28.2317 15.6787C28.4028 15.6925 28.2979 15.6512 28.2809 15.564C27.9977 14.0722 27.2516 12.7253 27.7728 11.1561C28.3943 9.28529 30.4994 8.30956 32.3625 8.92333C34.7449 9.70759 34.7573 12.1699 35.4909 14.1876C37.0886 18.581 40.2897 22.2138 42.5003 26.2584C43.7807 28.6014 43.9715 31.3161 43.1448 33.8427C43.1448 33.8427 41.8245 36.3364 40.3927 37.743H40.3933ZM41.2397 33.3312C42.0618 32.1928 41.9352 30.6755 41.9352 30.6755C41.8789 29.3076 41.3465 27.9882 40.4845 26.7017C38.2542 22.8741 35.27 19.2119 33.7202 15.0414C33.3419 14.0243 33.0771 12.4433 32.6582 11.5791C32.0301 10.2827 30.0542 10.4466 29.6209 11.8243C29.417 12.4728 29.7573 13.5594 29.9349 14.2381C30.2948 15.6119 31.2454 18.4086 32.0662 19.5161C32.3822 19.9423 33.8343 21.1102 33.9379 21.4473C34.2591 22.4886 33.1584 23.2459 32.3265 22.5345L17.4777 7.68202C15.861 6.53906 14.0372 8.38103 15.1523 10.0079L26.7842 21.6519C27.3454 22.4912 26.503 23.5266 25.5825 23.1161L11.5132 9.12333C9.9182 8.02431 8.07209 9.84923 9.18592 11.4512L22.9209 25.1882C23.7653 26.1259 22.7603 27.4092 21.6747 26.6971L9.90771 14.926C8.36448 13.5745 6.22403 15.4394 7.42701 17.145L19.3159 29.0564C20.0351 30.0046 18.8321 31.1325 17.9103 30.3968C14.8639 27.461 11.9938 24.3096 8.85748 21.4846C7.15429 20.8814 5.82281 22.8086 7.02055 24.1745C13.0499 30.0964 18.8819 36.242 25.0299 42.0296C28.041 44.04 31.5817 43.5948 34.1968 41.1922C35.662 39.8459 37.0289 38.2571 38.4535 36.8571C38.4535 36.8571 40.4169 34.4709 41.239 33.3325L41.2397 33.3312Z\" fill=\"white\"><\/path><path d=\"M1.03472 31.3758C1.32317 31.3731 1.7139 31.5751 1.87254 31.8144C2.12888 32.2007 2.0489 33.3928 2.10593 33.9417C2.73856 39.9915 7.5577 45.2348 13.6769 45.9089C14.1928 45.9659 15.2483 45.8912 15.6331 46.1161C16.3254 46.5207 16.2644 47.5836 15.5249 47.8899C15.0863 48.0715 14.2983 47.9862 13.808 47.9417C6.41831 47.2748 0.700374 41.1226 0.0736429 33.8105C0.0434864 33.4603 -0.0246936 32.6846 0.00742969 32.3679C0.0624981 31.8197 0.468956 31.381 1.03472 31.3758Z\" fill=\"white\"><\/path><path d=\"M32.3119 0.0248916C33.0297 -0.0780592 34.5887 0.164564 35.3452 0.300957C41.9652 1.4944 47.3521 7.02686 47.9303 13.8111C47.9572 14.1246 48.0129 14.7659 47.9979 15.0537C47.9244 16.4282 46.1327 16.4485 45.9701 15.2472C45.9334 14.9757 45.9892 14.6754 45.9636 14.4013C45.3146 7.43735 40.1794 2.65374 33.2782 2.04063C32.6062 1.98096 31.8484 2.25571 31.4832 1.47538C31.1567 0.77899 31.5842 0.129154 32.3125 0.0242359L32.3119 0.0248916Z\" fill=\"white\"><\/path><path d=\"M38.9743 9.75343C37.4639 8.15277 35.4742 7.25704 33.2774 7.0249C32.9837 6.99408 32.6592 7.05835 32.3661 7.01835C31.1232 6.8472 31.1219 5.1049 32.4232 4.98884C34.1165 4.83736 36.653 5.66687 38.1169 6.51277C40.9214 8.13245 43.4054 11.7036 43.0822 15.061C42.9707 16.217 41.3318 16.1961 41.1273 15.1738C41.0846 14.96 41.1378 14.741 41.1122 14.5331C40.867 12.558 40.3484 11.2098 38.9743 9.75408V9.75343Z\" fill=\"white\"><\/path><path d=\"M15.5912 41.3397C16.1871 41.8485 15.9636 42.9639 15.1808 43.0852C12.6962 43.4695 9.47467 41.7305 7.84163 39.9429C6.20859 38.1554 4.75189 34.8328 4.99183 32.4347C5.12361 31.1167 6.84908 31.1462 7.01757 32.3744C7.05756 32.6675 6.99331 32.9921 7.02412 33.2859C7.41878 37.0183 10.0011 40.518 13.8834 41.0479C14.3692 41.1141 15.2464 41.0459 15.5912 41.3403V41.3397Z\" fill=\"white\"><\/path><\/g><defs><clipPath id=\"clip0_625_899\"><rect width=\"48\" height=\"48\" fill=\"white\"><\/rect><\/clipPath><\/defs><\/svg>\t\t\t<\/div>\n\t\t<\/div>\n\t\t\t\t\t\t<\/div>\n\t\t\t\t<div class=\"elementor-element elementor-element-7f19c59 elementor-widget elementor-widget-text-editor\" data-id=\"7f19c59\" data-element_type=\"widget\" data-e-type=\"widget\" data-widget_type=\"text-editor.default\">\n\t\t\t\t\t\t\t\t\t<p>Bonjour, nous vous attendions ! Pour conna\u00eetre les droits du pays dans lequel vous vous trouvez ou dans lequel vous envisagez de vous rendre, cliquez sur celui-ci sur la carte. Vous verrez appara\u00eetre une fen\u00eatre flottante et en bas un bouton pour nous contacter. Nous serons heureux de vous conseiller et de vous accompagner dans cette d\u00e9marche.   <\/p>\t\t\t\t\t\t\t\t<\/div>\n\t\t\t\t\t<\/div>\n\t\t\t\t<\/div>\n\t\t\t\t<\/div>\n\t\t<div class=\"elementor-element elementor-element-38289d6 e-con-full e-flex e-con e-child\" data-id=\"38289d6\" data-element_type=\"container\" data-e-type=\"container\">\n\t\t\t\t<div class=\"elementor-element elementor-element-c4b3770 elementor-invisible elementor-widget elementor-widget-image\" data-id=\"c4b3770\" data-element_type=\"widget\" data-e-type=\"widget\" data-settings=\"{&quot;_animation&quot;:&quot;zoomIn&quot;}\" data-widget_type=\"image.default\">\n\t\t\t\t\t\t\t\t\t\t\t\t\t\t\t<img decoding=\"async\" width=\"729\" height=\"798\" src=\"https:\/\/www.redgolondrinas.org\/wp-content\/uploads\/2025\/05\/Mapa-.webp\" class=\"attachment-large size-large wp-image-1611\" alt=\"\" srcset=\"https:\/\/www.redgolondrinas.org\/wp-content\/uploads\/2025\/05\/Mapa-.webp 729w, https:\/\/www.redgolondrinas.org\/wp-content\/uploads\/2025\/05\/Mapa--274x300.webp 274w\" sizes=\"(max-width: 729px) 100vw, 729px\" \/>\t\t\t\t\t\t\t\t\t\t\t\t\t\t\t<\/div>\n\t\t\t\t<div class=\"elementor-element elementor-element-677ff33 elementor-absolute elementor-widget__width-initial elementor-invisible elementor-widget elementor-widget-image\" data-id=\"677ff33\" data-element_type=\"widget\" data-e-type=\"widget\" data-settings=\"{&quot;_position&quot;:&quot;absolute&quot;,&quot;_animation&quot;:&quot;bounceIn&quot;,&quot;_animation_delay&quot;:400}\" data-widget_type=\"image.default\">\n\t\t\t\t\t\t\t\t\t\t\t\t\t\t\t\t<a href=\"#elementor-action%3Aaction%3Dpopup%3Aopen%26settings%3DeyJpZCI6MTU0MSwidG9nZ2xlIjpmYWxzZX0%3D\">\n\t\t\t\t\t\t\t<img decoding=\"async\" width=\"129\" height=\"128\" src=\"https:\/\/redgolondrinas.org\/wp-content\/uploads\/2025\/02\/redsomos.webp\" class=\"elementor-animation-grow attachment-thumbnail size-thumbnail wp-image-1354\" alt=\"\" \/>\t\t\t\t\t\t\t\t<\/a>\n\t\t\t\t\t\t\t\t\t\t\t\t\t\t\t<\/div>\n\t\t\t\t<div class=\"elementor-element elementor-element-c760239 elementor-absolute elementor-widget__width-initial elementor-invisible elementor-widget elementor-widget-image\" data-id=\"c760239\" data-element_type=\"widget\" data-e-type=\"widget\" data-settings=\"{&quot;_position&quot;:&quot;absolute&quot;,&quot;_animation&quot;:&quot;bounceIn&quot;,&quot;_animation_delay&quot;:400}\" data-widget_type=\"image.default\">\n\t\t\t\t\t\t\t\t\t\t\t\t\t\t\t\t<a href=\"#elementor-action%3Aaction%3Dpopup%3Aopen%26settings%3DeyJpZCI6MjAzOCwidG9nZ2xlIjpmYWxzZX0%3D\">\n\t\t\t\t\t\t\t<img loading=\"lazy\" decoding=\"async\" width=\"150\" height=\"150\" src=\"https:\/\/redgolondrinas.org\/wp-content\/uploads\/2025\/05\/logo_COIN_CIRCULAR-1-150x150.png\" class=\"elementor-animation-grow attachment-thumbnail size-thumbnail wp-image-1816\" alt=\"\" srcset=\"https:\/\/redgolondrinas.org\/wp-content\/uploads\/2025\/05\/logo_COIN_CIRCULAR-1-150x150.png 150w, https:\/\/redgolondrinas.org\/wp-content\/uploads\/2025\/05\/logo_COIN_CIRCULAR-1.png 190w\" sizes=\"(max-width: 150px) 100vw, 150px\" \/>\t\t\t\t\t\t\t\t<\/a>\n\t\t\t\t\t\t\t\t\t\t\t\t\t\t\t<\/div>\n\t\t\t\t<div class=\"elementor-element elementor-element-89a07e1 elementor-absolute elementor-widget__width-initial elementor-invisible elementor-widget elementor-widget-image\" data-id=\"89a07e1\" data-element_type=\"widget\" data-e-type=\"widget\" data-settings=\"{&quot;_position&quot;:&quot;absolute&quot;,&quot;_animation&quot;:&quot;bounceIn&quot;,&quot;_animation_delay&quot;:400}\" data-widget_type=\"image.default\">\n\t\t\t\t\t\t\t\t\t\t\t\t\t\t\t\t<a href=\"#elementor-action%3Aaction%3Dpopup%3Aopen%26settings%3DeyJpZCI6MjAzNCwidG9nZ2xlIjpmYWxzZX0%3D\">\n\t\t\t\t\t\t\t<img loading=\"lazy\" decoding=\"async\" width=\"129\" height=\"129\" src=\"https:\/\/redgolondrinas.org\/wp-content\/uploads\/2025\/05\/logo_circular_fondo_plomo_max_129x129.png\" class=\"elementor-animation-grow attachment-thumbnail size-thumbnail wp-image-1772\" alt=\"\" \/>\t\t\t\t\t\t\t\t<\/a>\n\t\t\t\t\t\t\t\t\t\t\t\t\t\t\t<\/div>\n\t\t\t\t<div class=\"elementor-element elementor-element-43b781f elementor-absolute elementor-widget__width-initial elementor-invisible elementor-widget elementor-widget-image\" data-id=\"43b781f\" data-element_type=\"widget\" data-e-type=\"widget\" data-settings=\"{&quot;_position&quot;:&quot;absolute&quot;,&quot;_animation&quot;:&quot;bounceIn&quot;,&quot;_animation_delay&quot;:400}\" data-widget_type=\"image.default\">\n\t\t\t\t\t\t\t\t\t\t\t\t\t\t\t\t<a href=\"#elementor-action%3Aaction%3Dpopup%3Aopen%26settings%3DeyJpZCI6MjAxNiwidG9nZ2xlIjpmYWxzZX0%3D\">\n\t\t\t\t\t\t\t<img loading=\"lazy\" decoding=\"async\" width=\"129\" height=\"129\" src=\"https:\/\/redgolondrinas.org\/wp-content\/uploads\/2025\/05\/logo_circular_fondo_plomo_max_129x129.png\" class=\"elementor-animation-grow attachment-thumbnail size-thumbnail wp-image-1772\" alt=\"\" \/>\t\t\t\t\t\t\t\t<\/a>\n\t\t\t\t\t\t\t\t\t\t\t\t\t\t\t<\/div>\n\t\t\t\t<div class=\"elementor-element elementor-element-3d0cf33 elementor-absolute elementor-invisible elementor-widget elementor-widget-image\" data-id=\"3d0cf33\" data-element_type=\"widget\" data-e-type=\"widget\" data-settings=\"{&quot;_position&quot;:&quot;absolute&quot;,&quot;_animation&quot;:&quot;bounceIn&quot;,&quot;_animation_delay&quot;:400}\" data-widget_type=\"image.default\">\n\t\t\t\t\t\t\t\t\t\t\t\t\t\t\t\t<a href=\"#elementor-action%3Aaction%3Dpopup%3Aopen%26settings%3DeyJpZCI6MTU3MywidG9nZ2xlIjpmYWxzZX0%3D\">\n\t\t\t\t\t\t\t<img loading=\"lazy\" decoding=\"async\" width=\"128\" height=\"128\" src=\"https:\/\/redgolondrinas.org\/wp-content\/uploads\/2025\/02\/kimirina.webp\" class=\"elementor-animation-grow attachment-thumbnail size-thumbnail wp-image-1353\" alt=\"\" \/>\t\t\t\t\t\t\t\t<\/a>\n\t\t\t\t\t\t\t\t\t\t\t\t\t\t\t<\/div>\n\t\t\t\t<div class=\"elementor-element elementor-element-e9f8561 elementor-absolute elementor-invisible elementor-widget elementor-widget-image\" data-id=\"e9f8561\" data-element_type=\"widget\" data-e-type=\"widget\" data-settings=\"{&quot;_position&quot;:&quot;absolute&quot;,&quot;_animation&quot;:&quot;bounceIn&quot;,&quot;_animation_delay&quot;:400}\" data-widget_type=\"image.default\">\n\t\t\t\t\t\t\t\t\t\t\t\t\t\t\t\t<a href=\"#elementor-action%3Aaction%3Dpopup%3Aopen%26settings%3DeyJpZCI6MjAzNiwidG9nZ2xlIjpmYWxzZX0%3D\">\n\t\t\t\t\t\t\t<img loading=\"lazy\" decoding=\"async\" width=\"170\" height=\"80\" src=\"https:\/\/redgolondrinas.org\/wp-content\/uploads\/2025\/05\/logo_cas_circular_fondo_plomo_max_129x129-2-e1748528008882.png\" class=\"elementor-animation-grow attachment-medium_large size-medium_large wp-image-1953\" alt=\"\" \/>\t\t\t\t\t\t\t\t<\/a>\n\t\t\t\t\t\t\t\t\t\t\t\t\t\t\t<\/div>\n\t\t\t\t<div class=\"elementor-element elementor-element-8af77da elementor-absolute elementor-invisible elementor-widget elementor-widget-image\" data-id=\"8af77da\" data-element_type=\"widget\" data-e-type=\"widget\" data-settings=\"{&quot;_position&quot;:&quot;absolute&quot;,&quot;_animation&quot;:&quot;bounceIn&quot;,&quot;_animation_delay&quot;:400}\" data-widget_type=\"image.default\">\n\t\t\t\t\t\t\t\t\t\t\t\t\t\t\t\t<a href=\"#elementor-action%3Aaction%3Dpopup%3Aopen%26settings%3DeyJpZCI6MTU3MSwidG9nZ2xlIjpmYWxzZX0%3D\">\n\t\t\t\t\t\t\t<img loading=\"lazy\" decoding=\"async\" width=\"129\" height=\"129\" src=\"https:\/\/redgolondrinas.org\/wp-content\/uploads\/2025\/02\/idhbolivia.webp\" class=\"elementor-animation-grow attachment-thumbnail size-thumbnail wp-image-1352\" alt=\"\" \/>\t\t\t\t\t\t\t\t<\/a>\n\t\t\t\t\t\t\t\t\t\t\t\t\t\t\t<\/div>\n\t\t\t\t<div class=\"elementor-element elementor-element-8040dc6 elementor-absolute elementor-invisible elementor-widget elementor-widget-image\" data-id=\"8040dc6\" data-element_type=\"widget\" data-e-type=\"widget\" data-settings=\"{&quot;_position&quot;:&quot;absolute&quot;,&quot;_animation&quot;:&quot;bounceIn&quot;,&quot;_animation_delay&quot;:400}\" data-widget_type=\"image.default\">\n\t\t\t\t\t\t\t\t\t\t\t\t\t\t\t\t<a href=\"#elementor-action%3Aaction%3Dpopup%3Aopen%26settings%3DeyJpZCI6MTUzOSwidG9nZ2xlIjpmYWxzZX0%3D\">\n\t\t\t\t\t\t\t<img loading=\"lazy\" decoding=\"async\" width=\"128\" height=\"128\" src=\"https:\/\/redgolondrinas.org\/wp-content\/uploads\/2025\/02\/fundacionhuesped.webp\" class=\"elementor-animation-grow attachment-thumbnail size-thumbnail wp-image-1351\" alt=\"\" \/>\t\t\t\t\t\t\t\t<\/a>\n\t\t\t\t\t\t\t\t\t\t\t\t\t\t\t<\/div>\n\t\t\t\t<\/div>\n\t\t\t\t\t<\/div>\n\t\t\t\t<\/div>\n\t\t<div class=\"elementor-element elementor-element-2da09f1 e-flex e-con-boxed e-con e-parent\" data-id=\"2da09f1\" data-element_type=\"container\" data-e-type=\"container\">\n\t\t\t\t\t<div class=\"e-con-inner\">\n\t\t\t\t\t<\/div>\n\t\t\t\t<\/div>\n\t\t\t\t<\/div>\n\t\t","protected":false},"excerpt":{"rendered":"<p>Vos droits sont mobilis\u00e9s avec vous Restez inform\u00e9 et voyagez en toute s\u00e9r\u00e9nit\u00e9, en connaissant vos droits et obligations dans chaque pays du r\u00e9seau Golondrinas. En savoir plus Droits des migrants \/ Sant\u00e9 \/ Vivre avec le VIH En savoir plus Organisation du syst\u00e8me de sant\u00e9 publique En savoir plus Droits des LGBTIQ En savoir [&hellip;]<\/p>\n","protected":false},"author":1,"featured_media":0,"parent":0,"menu_order":0,"comment_status":"closed","ping_status":"closed","template":"elementor_header_footer","meta":{"footnotes":""},"class_list":["post-1465","page","type-page","status-publish","hentry"],"_links":{"self":[{"href":"https:\/\/redgolondrinas.org\/fr\/wp-json\/wp\/v2\/pages\/1465","targetHints":{"allow":["GET"]}}],"collection":[{"href":"https:\/\/redgolondrinas.org\/fr\/wp-json\/wp\/v2\/pages"}],"about":[{"href":"https:\/\/redgolondrinas.org\/fr\/wp-json\/wp\/v2\/types\/page"}],"author":[{"embeddable":true,"href":"https:\/\/redgolondrinas.org\/fr\/wp-json\/wp\/v2\/users\/1"}],"replies":[{"embeddable":true,"href":"https:\/\/redgolondrinas.org\/fr\/wp-json\/wp\/v2\/comments?post=1465"}],"version-history":[{"count":0,"href":"https:\/\/redgolondrinas.org\/fr\/wp-json\/wp\/v2\/pages\/1465\/revisions"}],"wp:attachment":[{"href":"https:\/\/redgolondrinas.org\/fr\/wp-json\/wp\/v2\/media?parent=1465"}],"curies":[{"name":"wp","href":"https:\/\/api.w.org\/{rel}","templated":true}]}}