{"id":1474,"date":"2025-03-17T18:14:24","date_gmt":"2025-03-17T23:14:24","guid":{"rendered":"https:\/\/golondrinas.kimirina.org\/conditions-generales-dutilisation\/"},"modified":"2025-04-29T09:03:49","modified_gmt":"2025-04-29T14:03:49","slug":"conditions-generales-dutilisation","status":"publish","type":"page","link":"https:\/\/redgolondrinas.org\/fr\/conditions-generales-dutilisation\/","title":{"rendered":"Conditions g\u00e9n\u00e9rales d&rsquo;utilisation"},"content":{"rendered":"\t\t<div data-elementor-type=\"wp-page\" data-elementor-id=\"1474\" class=\"elementor elementor-1474 elementor-662\" data-elementor-post-type=\"page\">\n\t\t\t\t<div class=\"elementor-element elementor-element-382a3560 e-flex e-con-boxed e-con e-parent\" data-id=\"382a3560\" data-element_type=\"container\" data-e-type=\"container\">\n\t\t\t\t\t<div class=\"e-con-inner\">\n\t\t\t\t<div class=\"elementor-element elementor-element-33ab288 elementor-widget elementor-widget-heading\" data-id=\"33ab288\" data-element_type=\"widget\" data-e-type=\"widget\" data-widget_type=\"heading.default\">\n\t\t\t\t\t<h2 class=\"elementor-heading-title elementor-size-default\">Conditions g\u00e9n\u00e9rales d&rsquo;utilisation<\/h2>\t\t\t\t<\/div>\n\t\t\t\t<div class=\"elementor-element elementor-element-5c121036 elementor-widget elementor-widget-text-editor\" data-id=\"5c121036\" data-element_type=\"widget\" data-e-type=\"widget\" data-widget_type=\"text-editor.default\">\n\t\t\t\t\t\t\t\t\t<h1 class=\"wp-block-heading\"><strong>Acceptation<\/strong><\/h1><p>En acc\u00e9dant et en utilisant le site web <a href=\"http:\/\/www.golondrinas.kimirina.org\">www.golondrinas.kimirina.org<\/a> ainsi que sa plateforme \u00ab Maleta Digital \u00bb, vous acceptez de respecter ces Termes et Conditions. Si vous n\u2019\u00eates pas d\u2019accord, veuillez ne pas utiliser notre site web.  <\/p><h1 class=\"wp-block-heading\"><strong>D\u00e9finitions<\/strong><\/h1><p><strong>Utilisateur :<\/strong> une personne majeure qui visite le site web ou utilise la plateforme \u00ab\u00a0Maleta Digital\u00a0\u00bb.<\/p><p><strong>Plateforme :<\/strong> Outil int\u00e9gr\u00e9 au site <a href=\"https:\/\/www.golondrinas.kimirina.org\">www.golondrinas.kimirina.org<\/a> servant de d\u00e9p\u00f4t num\u00e9rique pour stocker des informations pertinentes tout au long de votre processus de migration.<\/p><p><strong>Contenu :<\/strong> fichiers, images, photos, documents ou informations t\u00e9l\u00e9charg\u00e9s par l&rsquo;utilisateur.<\/p><h1 class=\"wp-block-heading\"><strong>Inscription et compte<\/strong><\/h1><p>Pour s\u2019inscrire, vous pouvez utiliser un code personnel ou une adresse e-mail, et seuls les adultes peuvent acc\u00e9der \u00e0 la plateforme. L\u2019authentification \u00e0 deux facteurs (2FA) est disponible dans le menu de la plateforme pour renforcer la s\u00e9curit\u00e9. Vous \u00eates responsable de la confidentialit\u00e9 de votre compte et devez signaler toute utilisation non autoris\u00e9e. De plus, vous pouvez supprimer votre compte \u00e0 tout moment, ce qui effacera de mani\u00e8re irr\u00e9versible tout son contenu.   <\/p><h1 class=\"wp-block-heading\"><strong>Utilisation du site<\/strong><\/h1><p>Les vid\u00e9os et les audios sont interdits sur la plateforme. Les fichiers individuels ne doivent pas d\u00e9passer 5 Mo et le stockage par utilisateur est limit\u00e9 \u00e0 5 Go. Les contenus ill\u00e9gaux, offensants ou illicites ainsi que l&rsquo;utilisation commerciale non autoris\u00e9e ne sont pas autoris\u00e9s.  <\/p><h1 class=\"wp-block-heading\"><strong>Contenu utilisateur<\/strong><\/h1><p>Vous \u00eates seul responsable du contenu que vous t\u00e9l\u00e9chargez et partagez par le biais de t\u00e9l\u00e9chargements ou de liens temporaires. Les informations ne seront visibles que par vous. Comme elles sont crypt\u00e9es, elles ne sont pas visibles par des tiers. Si vous supprimez votre compte, tout votre contenu sera automatiquement supprim\u00e9.   <\/p><h1 class=\"wp-block-heading\"><strong>Acc\u00e8s \u00e0 la localisation et \u00e0 la cam\u00e9ra<\/strong><\/h1><p>Nous sollicitons l\u2019acc\u00e8s \u00e0 votre localisation afin de vous fournir des informations sur les organisations locales en fonction du pays o\u00f9 vous vous trouvez, sans conserver ces donn\u00e9es. L\u2019acc\u00e8s \u00e0 la cam\u00e9ra vous permet de capturer des images et de les enregistrer dans votre d\u00e9p\u00f4t personnel, o\u00f9 elles sont stock\u00e9es de mani\u00e8re crypt\u00e9e. Pour plus de d\u00e9tails sur la gestion de vos donn\u00e9es, veuillez consulter notre Politique de Confidentialit\u00e9 sur <a href=\"https:\/\/redgolondrinas.org\/fr\/politique-de-confidentialite\/\">www.golondrinas.kimirina.org\/politicas-de-privacidad<\/a>.  <\/p><h1 class=\"wp-block-heading\"><strong>Propri\u00e9t\u00e9 intellectuelle<\/strong><\/h1><p>Le site web, sa plateforme \u00ab Maleta Digital \u00bb et son design sont la propri\u00e9t\u00e9 de Red Golondrinas. Le contenu t\u00e9l\u00e9charg\u00e9 par les utilisateurs est de leur enti\u00e8re responsabilit\u00e9. Pour signaler toute infraction, contactez-nous \u00e0 l\u2019adresse suivante : <a href=\"mailto:soporte@golondrinas.kimirina.org\">soporte@golondrinas.kimirina.org<\/a>.  <\/p><h1 class=\"wp-block-heading\"><strong>Limitation de la responsabilit\u00e9<\/strong><\/h1><p>Nous ne sommes pas responsables de l&rsquo;utilisation abusive de la plate-forme par les utilisateurs ni des pertes techniques ou juridiques d\u00e9coulant du contenu t\u00e9l\u00e9charg\u00e9. La clause de non-responsabilit\u00e9 s&rsquo;applique \u00e0 Red Golondrinas, \u00e0 ses organisations affili\u00e9es et \u00e0 l&rsquo;\u00e9quipe de d\u00e9veloppement, On\u00edrico Agencia, repr\u00e9sent\u00e9e par Christian de la Torre, C.I. 1723427884. <\/p><h1 class=\"wp-block-heading\"><strong>Modifications<\/strong><\/h1><p>Nous nous r\u00e9servons le droit de mettre \u00e0 jour ces conditions \u00e0 tout moment. Nous informerons les utilisateurs enregistr\u00e9s par e-mail en cas de modifications. La version actualis\u00e9e sera toujours disponible sur <a href=\"https:\/\/redgolondrinas.org\/fr\/conditions-generales-dutilisation\/\">www.golondrinas.kimirina.org\/terminos-y-condiciones<\/a>.  <\/p><h1 class=\"wp-block-heading\"><strong>Droit applicable et protection des donn\u00e9es<\/strong><\/h1><h1 class=\"wp-block-heading\">Le traitement des donn\u00e9es est bas\u00e9 sur le consentement de l&rsquo;utilisateur et est conforme aux lois suivantes sur la protection des donn\u00e9es :<\/h1><ul class=\"wp-block-list\"><li><strong>\u00c9quateur :<\/strong> Ley Org\u00e1nica de Protecci\u00f3n de Datos Personales (LOPDP, 2021).<\/li><li><strong>Colombie :<\/strong> loi 1581 de 2012 et d\u00e9cret 1377 de 2013.<\/li><li><strong>Argentine : <\/strong>loi 25.326 et d\u00e9cret 886\/2021.<\/li><li><strong>Bolivie<\/strong>: Constitution politique (art. 21.5), code p\u00e9nal (art. 300 et 319) et loi n\u00b0 164.<\/li><\/ul><p>Vous pouvez retirer votre consentement en supprimant votre compte ou en le demandant \u00e0 <strong>soporte@redgolondrinas.org<\/strong>.<\/p><h1 class=\"wp-block-heading\"><strong>Contact<\/strong><\/h1><p>Pour toute question ou r\u00e9clamation, tu peux nous contacter par e-mail \u00e0 l\u2019adresse suivante : <a href=\"mailto:soporte@golondrinas.kimirina.org\">soporte@golondrinas.kimirina.org<\/a><\/p><p><strong>Merci de nous faire confiance, nous vous accompagnons dans votre vol.<\/strong><\/p>\t\t\t\t\t\t\t\t<\/div>\n\t\t\t\t\t<\/div>\n\t\t\t\t<\/div>\n\t\t\t\t<\/div>\n\t\t","protected":false},"excerpt":{"rendered":"<p>Acceptation En acc\u00e9dant et en utilisant le site web www.golondrinas.kimirina.org ainsi que sa plateforme \u00ab Maleta Digital \u00bb, vous acceptez de respecter ces Termes et Conditions. Si vous n\u2019\u00eates pas d\u2019accord, veuillez ne pas utiliser notre site web. D\u00e9finitions Utilisateur : une personne majeure qui visite le site web ou utilise la plateforme \u00ab\u00a0Maleta Digital\u00a0\u00bb. [&hellip;]<\/p>\n","protected":false},"author":1,"featured_media":0,"parent":0,"menu_order":0,"comment_status":"closed","ping_status":"closed","template":"elementor_header_footer","meta":{"footnotes":""},"class_list":["post-1474","page","type-page","status-publish","hentry"],"_links":{"self":[{"href":"https:\/\/redgolondrinas.org\/fr\/wp-json\/wp\/v2\/pages\/1474","targetHints":{"allow":["GET"]}}],"collection":[{"href":"https:\/\/redgolondrinas.org\/fr\/wp-json\/wp\/v2\/pages"}],"about":[{"href":"https:\/\/redgolondrinas.org\/fr\/wp-json\/wp\/v2\/types\/page"}],"author":[{"embeddable":true,"href":"https:\/\/redgolondrinas.org\/fr\/wp-json\/wp\/v2\/users\/1"}],"replies":[{"embeddable":true,"href":"https:\/\/redgolondrinas.org\/fr\/wp-json\/wp\/v2\/comments?post=1474"}],"version-history":[{"count":0,"href":"https:\/\/redgolondrinas.org\/fr\/wp-json\/wp\/v2\/pages\/1474\/revisions"}],"wp:attachment":[{"href":"https:\/\/redgolondrinas.org\/fr\/wp-json\/wp\/v2\/media?parent=1474"}],"curies":[{"name":"wp","href":"https:\/\/api.w.org\/{rel}","templated":true}]}}