{"id":1476,"date":"2025-03-17T18:14:51","date_gmt":"2025-03-17T23:14:51","guid":{"rendered":"https:\/\/golondrinas.kimirina.org\/politique-de-confidentialite\/"},"modified":"2025-04-29T09:03:49","modified_gmt":"2025-04-29T14:03:49","slug":"politique-de-confidentialite","status":"publish","type":"page","link":"https:\/\/redgolondrinas.org\/fr\/politique-de-confidentialite\/","title":{"rendered":"Politique de confidentialit\u00e9"},"content":{"rendered":"\t\t<div data-elementor-type=\"wp-page\" data-elementor-id=\"1476\" class=\"elementor elementor-1476 elementor-664\" data-elementor-post-type=\"page\">\n\t\t\t\t<div class=\"elementor-element elementor-element-35117f9 e-flex e-con-boxed e-con e-parent\" data-id=\"35117f9\" data-element_type=\"container\" data-e-type=\"container\">\n\t\t\t\t\t<div class=\"e-con-inner\">\n\t\t\t\t<div class=\"elementor-element elementor-element-f5e20e5 elementor-widget elementor-widget-heading\" data-id=\"f5e20e5\" data-element_type=\"widget\" data-e-type=\"widget\" data-widget_type=\"heading.default\">\n\t\t\t\t\t<h2 class=\"elementor-heading-title elementor-size-default\">Politique de confidentialit\u00e9<\/h2>\t\t\t\t<\/div>\n\t\t\t\t<div class=\"elementor-element elementor-element-58261552 elementor-widget elementor-widget-text-editor\" data-id=\"58261552\" data-element_type=\"widget\" data-e-type=\"widget\" data-widget_type=\"text-editor.default\">\n\t\t\t\t\t\t\t\t\t<p>Chez Red Golondrinas, nous valorisons ta vie priv\u00e9e et nous nous engageons \u00e0 prot\u00e9ger tes donn\u00e9es personnelles. Cette politique de confidentialit\u00e9 explique comment nous collectons, utilisons, prot\u00e9geons et g\u00e9rons les informations que tu nous fournis en utilisant notre site web, sa plateforme Maleta Digital et ses fonctionnalit\u00e9s.  <span style=\"font-weight: 400;\">Nous respectons les normes internationales telles que le RGPD (R\u00e8glement G\u00e9n\u00e9ral sur la Protection des Donn\u00e9es de l\u2019UE).<\/span><\/p><h1 class=\"wp-block-heading\"><strong>Informations que nous recueillons<\/strong><\/h1><p>Nous ne recueillons que les donn\u00e9es personnelles suivantes :<\/p><ul class=\"wp-block-list\"><li><strong>E-mail<\/strong>: Fourni directement par vous lors de l&rsquo;inscription sur la plateforme.<\/li><li><strong>Nom de l&rsquo;organisation<\/strong>: Fourni par les organisations int\u00e9ress\u00e9es \u00e0 rejoindre le r\u00e9seau.<\/li><li><strong>Num\u00e9ro de contact :<\/strong> fourni directement par l&rsquo;organisation.  <\/li><li><strong>Localisation de votre appareil : <\/strong>lorsque vous utilisez l&rsquo;outil que nous appelons Digital Suitcase.  <\/li><\/ul><h1 class=\"wp-block-heading\"><strong>Utilisation des informations collect\u00e9es  <\/strong><\/h1><p>Nous utilisons votre adresse \u00e9lectronique pour cr\u00e9er et g\u00e9rer votre compte d&rsquo;utilisateur, pour faciliter l&rsquo;acc\u00e8s s\u00e9curis\u00e9 \u00e0 la plateforme, pour r\u00e9cup\u00e9rer votre compte en cas d&rsquo;oubli et pour envoyer des notifications techniques, des mises \u00e0 jour de services ou des communications pertinentes.<\/p><p>La localisation de votre appareil sera utilis\u00e9e pour vous montrer des informations et des services sp\u00e9cifiques au pays dans lequel vous vous trouvez.  <\/p><p>Le nom et le num\u00e9ro de contact seront utilis\u00e9s pour communiquer directement avec l&rsquo;organisation int\u00e9ress\u00e9e par l&rsquo;adh\u00e9sion \u00e0 Red Golondrinas.<\/p><h1 class=\"wp-block-heading\"><strong>Droits de l&rsquo;utilisateur<\/strong> <\/h1><p>En tant qu&rsquo;utilisateur, vous avez le droit de supprimer d\u00e9finitivement votre compte et vos donn\u00e9es \u00e0 tout moment, ainsi que de r\u00e9voquer votre consentement au traitement des donn\u00e9es, ce qui entra\u00eenera la d\u00e9sactivation de votre compte. Pour exercer ces droits, veuillez nous contacter par l&rsquo;interm\u00e9diaire des canaux indiqu\u00e9s \u00e0 la fin de la pr\u00e9sente politique. <\/p><h1 class=\"wp-block-heading\"><strong>Partage des donn\u00e9es  <\/strong><\/h1><p>Red Golondrinas ne partagera pas vos donn\u00e9es personnelles avec des tiers, des soci\u00e9t\u00e9s de publicit\u00e9 ou d&rsquo;autres organisations, \u00e0 moins que les autorit\u00e9s comp\u00e9tentes n&rsquo;aient une obligation l\u00e9gale valable de le faire.  <\/p><h1 class=\"wp-block-heading\"><strong>Liens avec des tiers<\/strong><\/h1><p>Sur Red golondrinas, nous incluons occasionnellement des liens vers des plateformes ou des applications g\u00e9r\u00e9es par des tiers. Notre politique de confidentialit\u00e9 ne s&rsquo;applique pas \u00e0 ces ressources num\u00e9riques h\u00e9berg\u00e9es ou g\u00e9r\u00e9es par d&rsquo;autres entit\u00e9s. Ceci s&rsquo;applique aux sites ou applications des sections de Red golondrinas, des organisations li\u00e9es ou de tout autre espace externe. Chacun de ces espaces dispose de sa propre r\u00e9glementation, y compris de politiques de confidentialit\u00e9 distinctes.   <\/p><h1 class=\"wp-block-heading\"><strong>Acc\u00e8s \u00e0 l&#8217;emplacement et \u00e0 la cam\u00e9ra  <\/strong><\/h1><p>Nous demandons l&rsquo;acc\u00e8s \u00e0 votre localisation pour vous fournir des informations et des services sp\u00e9cifiques \u00e0 votre pays, tels que l&#8217;emplacement des organisations locales. Ces donn\u00e9es sont utilis\u00e9es en temps r\u00e9el et ne sont pas stock\u00e9es de mani\u00e8re permanente. Nous demandons \u00e9galement l&rsquo;acc\u00e8s \u00e0 votre appareil photo afin que vous puissiez capturer des images et des informations que vous jugez pertinentes pour votre voyage et les stocker dans votre r\u00e9pertoire personnel. Ces fichiers sont stock\u00e9s sous forme crypt\u00e9e pour garantir la confidentialit\u00e9.     <\/p><h1 class=\"wp-block-heading\"><strong>Cookies<\/strong><\/h1><p>Un cookie est un fichier temporaire qui s&rsquo;installe sur votre ordinateur lorsque vous donnez votre accord. Avec votre accord, ce fichier permet \u00e0 Red Golondrinas de collecter des donn\u00e9es de navigation et d&rsquo;am\u00e9liorer l&rsquo;exp\u00e9rience lors de vos prochaines visites sur le site. <\/p><p>Nous utilisons des cookies uniquement pour mesurer le trafic et l&rsquo;utilisation de la plateforme avec des outils tels que Google Analytics. En vous connectant, vous pouvez accepter ou refuser leur utilisation, cette action n&rsquo;affectera pas le fonctionnement de la plateforme. <\/p><h1 class=\"wp-block-heading\"><strong>S\u00e9curit\u00e9 des donn\u00e9es  <\/strong><\/h1><p>Votre s\u00e9curit\u00e9 et votre vie priv\u00e9e sont tr\u00e8s importantes pour nous et nous mettons en \u0153uvre des mesures techniques avanc\u00e9es pour les prot\u00e9ger.  <\/p><ul class=\"wp-block-list\"><li>Vos donn\u00e9es personnelles et vos codes d&rsquo;acc\u00e8s sont stock\u00e9s \u00e0 l&rsquo;aide d&rsquo;algorithmes de cryptage avanc\u00e9s conformes aux normes de s\u00e9curit\u00e9 internationales.  <\/li><li>Toutes les communications entre votre appareil et nos serveurs sont prot\u00e9g\u00e9es par des protocoles s\u00e9curis\u00e9s et des jetons d&rsquo;authentification.  <\/li><li>Nous avons mis en place un syst\u00e8me de gestion des sessions s\u00e9curis\u00e9 avec expiration et renouvellement automatiques des informations d&rsquo;identification.<\/li><li>Vos informations, photos, documents et fichiers sont stock\u00e9s avec un cryptage avanc\u00e9 pour garantir la confidentialit\u00e9.  <\/li><\/ul><h1 class=\"wp-block-heading\"><strong>Base juridique<\/strong><\/h1><p>Chez Red Golondrinas, nous respectons les lois sur la protection des donn\u00e9es en vigueur dans chaque pays o\u00f9 nous op\u00e9rons, en veillant \u00e0 ce que le traitement de vos informations soit licite, transparent et respectueux de vos droits. Nous nous conformons aux normes internationales (GDPR). Vous trouverez ci-dessous les bases l\u00e9gales qui soutiennent nos actions.    <\/p><ul class=\"wp-block-list\"><li><strong>\u00c9quateur  <\/strong><\/li><\/ul><p>Le traitement de vos donn\u00e9es est fond\u00e9 sur le consentement de la personne concern\u00e9e (article 10), conform\u00e9ment \u00e0 la loi organique sur la protection des donn\u00e9es \u00e0 caract\u00e8re personnel (LOPDP), entr\u00e9e en vigueur en mai 2021.  <\/p><ul class=\"wp-block-list\"><li><strong>Colombie  <\/strong><\/li><\/ul><p>Le traitement de vos donn\u00e9es est bas\u00e9 sur l&rsquo;autorisation du titulaire \u00e9tablie dans la loi statutaire 1581 de 2012 et ses d\u00e9crets r\u00e9glementaires (tels que le d\u00e9cret 1377 de 2013).<\/p><ul class=\"wp-block-list\"><li><strong>Argentine<\/strong><\/li><\/ul><p>Le traitement de vos donn\u00e9es est bas\u00e9 sur le consentement du propri\u00e9taire (art. 5 et 6) r\u00e9gi par la loi 25.326 sur la protection des donn\u00e9es personnelles, promulgu\u00e9e en 2000 et mise \u00e0 jour par le d\u00e9cret r\u00e9glementaire 1558\/2001 et ses amendements, tels que le d\u00e9cret 886\/2021.<\/p><ul class=\"wp-block-list\"><li><strong>Bolivie  <\/strong><\/li><\/ul><p>En Bolivie, il n&rsquo;existe pas de loi sp\u00e9cifique sur la protection des donn\u00e9es personnelles comme dans d&rsquo;autres pays de la r\u00e9gion. Cependant, le traitement des donn\u00e9es est r\u00e9gi par des dispositions \u00e9parpill\u00e9es dans les normes constitutionnelles, p\u00e9nales et sectorielles qui prot\u00e8gent la vie priv\u00e9e et l&rsquo;intimit\u00e9. Il s&rsquo;agit de l&rsquo;article 21.5 de la Constitution politique de l&rsquo;\u00c9tat, des articles 300 et 319 du code p\u00e9nal bolivien et de l&rsquo;article 77 (protection des donn\u00e9es) de la loi n\u00b0 164 sur les t\u00e9l\u00e9communications et les technologies de l&rsquo;information et de la communication.    <\/p><h1 class=\"wp-block-heading\"><strong>Modifications de la politique de confidentialit\u00e9<\/strong><\/h1><p>Nous vous informerons par courrier \u00e9lectronique de toute modification importante apport\u00e9e \u00e0 la politique de confidentialit\u00e9, \u00e0 condition que vous nous en ayez fourni une. La version mise \u00e0 jour sera disponible \u00e0 tout moment sur la plateforme. <\/p><h1 class=\"wp-block-heading\"><strong>Contact<\/strong><\/h1><p>Pour toute question, pour exercer vos droits ou pour signaler un incident, veuillez envoyer un e-mail avec votre demande \u00e0 l\u2019adresse suivante : <a href=\"mailto:soporte@golondrinas.kimirina.org\">soporte@golondrinas.kimirina.org<\/a>.<\/p><h1 class=\"wp-block-heading\"><strong>Acceptation des conditions<\/strong><\/h1><p>En vous inscrivant ou en utilisant la plateforme, vous acceptez les termes de la pr\u00e9sente politique de confidentialit\u00e9.<\/p><h3><strong>Merci de nous faire confiance, nous vous accompagnons dans votre vol.<\/strong><\/h3>\t\t\t\t\t\t\t\t<\/div>\n\t\t\t\t\t<\/div>\n\t\t\t\t<\/div>\n\t\t\t\t<\/div>\n\t\t","protected":false},"excerpt":{"rendered":"<p>Chez Red Golondrinas, nous valorisons ta vie priv\u00e9e et nous nous engageons \u00e0 prot\u00e9ger tes donn\u00e9es personnelles. Cette politique de confidentialit\u00e9 explique comment nous collectons, utilisons, prot\u00e9geons et g\u00e9rons les informations que tu nous fournis en utilisant notre site web, sa plateforme Maleta Digital et ses fonctionnalit\u00e9s. Nous respectons les normes internationales telles que le [&hellip;]<\/p>\n","protected":false},"author":1,"featured_media":0,"parent":0,"menu_order":0,"comment_status":"closed","ping_status":"closed","template":"elementor_header_footer","meta":{"footnotes":""},"class_list":["post-1476","page","type-page","status-publish","hentry"],"_links":{"self":[{"href":"https:\/\/redgolondrinas.org\/fr\/wp-json\/wp\/v2\/pages\/1476","targetHints":{"allow":["GET"]}}],"collection":[{"href":"https:\/\/redgolondrinas.org\/fr\/wp-json\/wp\/v2\/pages"}],"about":[{"href":"https:\/\/redgolondrinas.org\/fr\/wp-json\/wp\/v2\/types\/page"}],"author":[{"embeddable":true,"href":"https:\/\/redgolondrinas.org\/fr\/wp-json\/wp\/v2\/users\/1"}],"replies":[{"embeddable":true,"href":"https:\/\/redgolondrinas.org\/fr\/wp-json\/wp\/v2\/comments?post=1476"}],"version-history":[{"count":0,"href":"https:\/\/redgolondrinas.org\/fr\/wp-json\/wp\/v2\/pages\/1476\/revisions"}],"wp:attachment":[{"href":"https:\/\/redgolondrinas.org\/fr\/wp-json\/wp\/v2\/media?parent=1476"}],"curies":[{"name":"wp","href":"https:\/\/api.w.org\/{rel}","templated":true}]}}